{"id":947,"date":"2020-02-03T15:46:28","date_gmt":"2020-02-03T15:46:28","guid":{"rendered":"https:\/\/www.horwood-koehler.de\/stage\/?page_id=947"},"modified":"2026-02-27T09:28:50","modified_gmt":"2026-02-27T09:28:50","slug":"imprint","status":"publish","type":"page","link":"https:\/\/www.horwood-koehler.de\/de\/imprint\/","title":{"rendered":"Impressum"},"content":{"rendered":"\t\t<div data-elementor-type=\"wp-page\" data-elementor-id=\"947\" class=\"elementor elementor-947\" data-elementor-post-type=\"page\">\n\t\t\t\t\t\t<section class=\"elementor-section elementor-top-section elementor-element elementor-element-35bd4f4 elementor-section-boxed elementor-section-height-default elementor-section-height-default\" data-id=\"35bd4f4\" data-element_type=\"section\" data-e-type=\"section\" data-settings=\"{&quot;jet_parallax_layout_list&quot;:[{&quot;jet_parallax_layout_image&quot;:{&quot;url&quot;:&quot;&quot;,&quot;id&quot;:&quot;&quot;,&quot;size&quot;:&quot;&quot;},&quot;_id&quot;:&quot;a60e61f&quot;,&quot;jet_parallax_layout_image_tablet&quot;:{&quot;url&quot;:&quot;&quot;,&quot;id&quot;:&quot;&quot;,&quot;size&quot;:&quot;&quot;},&quot;jet_parallax_layout_image_mobile&quot;:{&quot;url&quot;:&quot;&quot;,&quot;id&quot;:&quot;&quot;,&quot;size&quot;:&quot;&quot;},&quot;jet_parallax_layout_speed&quot;:{&quot;unit&quot;:&quot;%&quot;,&quot;size&quot;:50,&quot;sizes&quot;:[]},&quot;jet_parallax_layout_type&quot;:&quot;scroll&quot;,&quot;jet_parallax_layout_direction&quot;:&quot;1&quot;,&quot;jet_parallax_layout_fx_direction&quot;:null,&quot;jet_parallax_layout_z_index&quot;:&quot;&quot;,&quot;jet_parallax_layout_bg_x&quot;:50,&quot;jet_parallax_layout_bg_x_tablet&quot;:&quot;&quot;,&quot;jet_parallax_layout_bg_x_mobile&quot;:&quot;&quot;,&quot;jet_parallax_layout_bg_y&quot;:50,&quot;jet_parallax_layout_bg_y_tablet&quot;:&quot;&quot;,&quot;jet_parallax_layout_bg_y_mobile&quot;:&quot;&quot;,&quot;jet_parallax_layout_bg_size&quot;:&quot;auto&quot;,&quot;jet_parallax_layout_bg_size_tablet&quot;:&quot;&quot;,&quot;jet_parallax_layout_bg_size_mobile&quot;:&quot;&quot;,&quot;jet_parallax_layout_animation_prop&quot;:&quot;transform&quot;,&quot;jet_parallax_layout_on&quot;:[&quot;desktop&quot;,&quot;tablet&quot;]}],&quot;_ob_glider_is_slider&quot;:&quot;no&quot;}\">\n\t\t\t\t\t\t<div class=\"elementor-container elementor-column-gap-default\">\n\t\t\t\t\t<div class=\"elementor-column elementor-col-100 elementor-top-column elementor-element elementor-element-b6760cd\" data-id=\"b6760cd\" data-element_type=\"column\" data-e-type=\"column\" data-settings=\"{&quot;_ob_column_hoveranimator&quot;:&quot;no&quot;,&quot;_ob_column_has_pseudo&quot;:&quot;no&quot;}\">\n\t\t\t<div class=\"elementor-widget-wrap elementor-element-populated\">\n\t\t\t\t\t\t<div class=\"elementor-element elementor-element-29e1f3d ob-harakiri-inherit ob-has-background-overlay elementor-widget elementor-widget-heading\" data-id=\"29e1f3d\" data-element_type=\"widget\" data-e-type=\"widget\" data-settings=\"{&quot;_ob_use_harakiri&quot;:&quot;yes&quot;,&quot;_ob_harakiri_writing_mode&quot;:&quot;inherit&quot;,&quot;_ob_harakiri_text_clip&quot;:&quot;none&quot;,&quot;_ob_widget_stalker_use&quot;:&quot;no&quot;,&quot;_ob_poopart_use&quot;:&quot;yes&quot;,&quot;_ob_shadough_use&quot;:&quot;no&quot;,&quot;_ob_allow_hoveranimator&quot;:&quot;no&quot;}\" data-widget_type=\"heading.default\">\n\t\t\t\t<div class=\"elementor-widget-container\">\n\t\t\t\t\t<h1 class=\"elementor-heading-title elementor-size-default\">Legal Notice \/ Imprint<\/h1>\t\t\t\t<\/div>\n\t\t\t\t<\/div>\n\t\t\t\t<div class=\"elementor-element elementor-element-8eb6240 ob-harakiri-inherit ob-has-background-overlay elementor-widget elementor-widget-text-editor\" data-id=\"8eb6240\" data-element_type=\"widget\" data-e-type=\"widget\" data-settings=\"{&quot;_ob_use_harakiri&quot;:&quot;yes&quot;,&quot;_ob_harakiri_writing_mode&quot;:&quot;inherit&quot;,&quot;_ob_postman_use&quot;:&quot;no&quot;,&quot;_ob_widget_stalker_use&quot;:&quot;no&quot;,&quot;_ob_poopart_use&quot;:&quot;yes&quot;,&quot;_ob_shadough_use&quot;:&quot;no&quot;,&quot;_ob_allow_hoveranimator&quot;:&quot;no&quot;}\" data-widget_type=\"text-editor.default\">\n\t\t\t\t<div class=\"elementor-widget-container\">\n\t\t\t\t\t\t\t\t\t<p class=\"p2\"><b>Information according to \u00a7 5 DDG (German Digitale-Dienste-Gesetz) <\/b><b><\/b><\/p><p class=\"p2\"><b>Horwood-K\u00f6hler GmbH <\/b>Schopenhauerstra\u00dfe 2, 85579 Neubiberg<\/p><p class=\"p2\"><b>Represented by the Management Board: <\/b>Agnes Horwood-K\u00f6hler, Richard Horwood-K\u00f6hler<\/p><p class=\"p2\"><b>Contact <\/b><b><\/b><\/p><p class=\"p2\"><b>Phone: <\/b>+4989 20928356<\/p><p class=\"p2\"><b>Email: <\/b>kontakt@horwood-koehler.de<\/p><p class=\"p2\"><b>Register Entry <\/b><b><\/b><\/p><p class=\"p2\"><b>Registry Court: <\/b>Local Court Munich (Amtsgericht M\u00fcnchen)<\/p><p class=\"p2\"><b>Registration Number: <\/b>HRB 236813<\/p><p class=\"p2\"><b>VAT ID <\/b>VAT Identification Number according to \u00a7 27 a Value Added Tax Act: DE815726968<\/p><p class=\"p2\"><b>Consumer Information on Dispute Resolution <\/b>The European Commission provides information about alternative dispute resolution methods and a list of recognized dispute resolution bodies: <span class=\"s2\">https:\/\/consumer-redress.ec.europa.eu\/<\/span>. You can find our email address in the legal notice above.<\/p><p class=\"p2\"><b>Consumer Dispute Resolution \/ Universal Arbitration Board <\/b>We are neither willing nor obligated to participate in dispute resolution proceedings before a consumer arbitration board.<\/p>\t\t\t\t\t\t\t\t<\/div>\n\t\t\t\t<\/div>\n\t\t\t\t\t<\/div>\n\t\t<\/div>\n\t\t\t\t\t<\/div>\n\t\t<\/section>\n\t\t\t\t<\/div>\n\t\t","protected":false},"excerpt":{"rendered":"<p>Legal Notice \/ Imprint Information according to \u00a7 5 DDG (German Digitale-Dienste-Gesetz) Horwood-K\u00f6hler GmbH Schopenhauerstra\u00dfe 2, 85579 Neubiberg Represented by the Management Board: Agnes Horwood-K\u00f6hler, Richard Horwood-K\u00f6hler Contact Phone: +4989 20928356 Email: kontakt@horwood-koehler.de Register Entry Registry Court: Local Court Munich (Amtsgericht M\u00fcnchen) Registration Number: HRB 236813 VAT ID VAT Identification Number according to \u00a7 27 [&hellip;]<\/p>\n","protected":false},"author":1,"featured_media":0,"parent":0,"menu_order":0,"comment_status":"closed","ping_status":"closed","template":"","meta":{"footnotes":""},"class_list":["post-947","page","type-page","status-publish","hentry"],"_links":{"self":[{"href":"https:\/\/www.horwood-koehler.de\/de\/wp-json\/wp\/v2\/pages\/947","targetHints":{"allow":["GET"]}}],"collection":[{"href":"https:\/\/www.horwood-koehler.de\/de\/wp-json\/wp\/v2\/pages"}],"about":[{"href":"https:\/\/www.horwood-koehler.de\/de\/wp-json\/wp\/v2\/types\/page"}],"author":[{"embeddable":true,"href":"https:\/\/www.horwood-koehler.de\/de\/wp-json\/wp\/v2\/users\/1"}],"replies":[{"embeddable":true,"href":"https:\/\/www.horwood-koehler.de\/de\/wp-json\/wp\/v2\/comments?post=947"}],"version-history":[{"count":10,"href":"https:\/\/www.horwood-koehler.de\/de\/wp-json\/wp\/v2\/pages\/947\/revisions"}],"predecessor-version":[{"id":3135,"href":"https:\/\/www.horwood-koehler.de\/de\/wp-json\/wp\/v2\/pages\/947\/revisions\/3135"}],"wp:attachment":[{"href":"https:\/\/www.horwood-koehler.de\/de\/wp-json\/wp\/v2\/media?parent=947"}],"curies":[{"name":"wp","href":"https:\/\/api.w.org\/{rel}","templated":true}]}}